{"id":939,"date":"2025-12-17T09:25:35","date_gmt":"2025-12-17T08:25:35","guid":{"rendered":"https:\/\/www.lerucherduperigord.fr\/?page_id=939"},"modified":"2026-03-08T18:23:17","modified_gmt":"2026-03-08T17:23:17","slug":"adhesion","status":"publish","type":"page","link":"https:\/\/www.lerucherduperigord.fr\/index.php\/adhesion\/","title":{"rendered":"Adh\u00e9sion"},"content":{"rendered":"<p><strong>Pour adh\u00e9rer au Rucher du P\u00e9rigord, il suffit de remplir le bulletin d\u2019adh\u00e9sion ci-apr\u00e8s et de le retourner accompagn\u00e9 d\u2019un ch\u00e8que libell\u00e9 \u00e0: \u00ab\u00a0Le Rucher du P\u00e9rigord\u00a0\u00bb, et \u00e0 l\u2019adresse pr\u00e9cis\u00e9e au bas du bulletin.<\/strong><\/p>\n<p>Vous pouvez t\u00e9l\u00e9charger le bulletin d&rsquo;adh\u00e9sion en cliquant sur le lien ci-dessous :<\/p>\n<p><a href=\"https:\/\/www.lerucherduperigord.fr\/wp-content\/uploads\/2026\/03\/Bulletin_Adhesion_2026.pdf\">Bulletin_Adhesion_2026<\/a><\/p>\n<p>Voici quelques informations compl\u00e9mentaires concernant le bulletin d&rsquo;adh\u00e9sion :<\/p>\n<h4>Assurance<\/h4>\n<p>En ce qui concerne l\u2019assurance, le bulletin de janvier 2025 avait apport\u00e9 des pr\u00e9cisions que nous vous rappelons ici : fin 2023, la mise en conformit\u00e9 avec la r\u00e8glementation europ\u00e9enne en mati\u00e8re d\u2019assurance apicole avait conduit le Syndicat National d\u2019Apiculture (SNA) \u00e0 tout mettre en \u0153uvre pour disposer de l\u2019agr\u00e9ment ORIAS, organisme l\u2019autorisant \u00e0 d\u00e9tenir un mandat de distribution des assurances apicoles. Le SNA a ainsi contract\u00e9 un contrat group\u00e9 aupr\u00e8s de Groupama.<\/p>\n<p><strong>En ce qui concerne votre assurance d\u2019apiculteur, vous avez le choix entre :<\/strong><\/p>\n<ul>\n<li>Vous assurer \u00e0 titre individuel aupr\u00e8s de l\u2019assurance de votre choix. A noter que certains contrats d\u2019assurance multirisques habitation proposent une assurance ruche : dans ce cas, seule la responsabilit\u00e9 civile est couverte ;<\/li>\n<li>Vous assurer \u00e0 titre individuel aupr\u00e8s de Groupama ou la compagnie de votre choix. Vous ferez toutes les d\u00e9marches seul ;<\/li>\n<li>Souscrire par l\u2019interm\u00e9diaire du Rucher du P\u00e9rigord une formule propos\u00e9e par le SNA et b\u00e9n\u00e9ficier de contrats d\u2019assurance \u00e0 des prix tr\u00e8s comp\u00e9titifs avec d\u2019excellents niveaux de garanties et de franchises :<span style=\"color: #3366ff;\"> les packs Bronze, Argent, Or.<\/span><\/li>\n<\/ul>\n<p>Outre les garanties d\u2019assurance, ces packs offrent des prestations de service compl\u00e9mentaires : prise en charge par le SNA de la couverture assurance en responsabilit\u00e9 civile apicole \u00e0 la hauteur du nombre de ruches cotisantes et correspondant \u00e0 la d\u00e9claration officielle de d\u00e9tention et d\u2019emplacement de ruches, acc\u00e8s gratuit \u00e0 des webinaires organis\u00e9s par le SNA, reversement par le SNA de l\u2019\u00e9cocontribution aupr\u00e8s de LEKO.<\/p>\n<p><strong>Pour rappel : le contrat d&rsquo;assurance court du 1er janvier au 31 d\u00e9cembre. Par d\u00e9finition \u00e0 compter du 1er janvier, vous n\u2019\u00eates plus assur\u00e9s. Il est important pour vous de renouveler votre adh\u00e9sion et votre cotisation \u00e0 l&rsquo;assurance propos\u00e9 par le SNA tr\u00e8s t\u00f4t pour \u00e9viter une interruption des garanties.<\/strong><\/p>\n<h4><strong>Num\u00e9ro SIRET<\/strong><\/h4>\n<p><span style=\"color: #3366ff;\">UNE NOUVEAUTE CETTE ANNEE : le num\u00e9ro de SIRET<\/span> a \u00e9t\u00e9 ajout\u00e9 aux renseignements \u00e0 fournir dans le formulaire. Cet \u00e9l\u00e9ment est exig\u00e9 par le SNA qui assure le reversement de l\u2019\u00e9cocontribution directement aupr\u00e8s de LEKO. Il nous semble important de rappeler que toute personne qui vend ou donne du miel en dehors du cercle familial doit poss\u00e9der un num\u00e9ro de SIRET. De plus, les apiculteurs et apicultrices disposant d\u2019un SIRET sont concern\u00e9s par la Responsabilit\u00e9 \u00c9largie du Producteur (REP) pour les emballages m\u00e9nagers. Cela implique le paiement de la taxe d\u2019\u00e9co-contribution et l\u2019application de la nouvelle signal\u00e9tique de tri. Depuis le 1er janvier 2023, l\u2019obtention d\u2019un num\u00e9ro SIRET se fait via le guichet unique pour les d\u00e9clarations de cr\u00e9ation, modification, d\u00e9p\u00f4t de documents et cessation d\u2019entreprise : <a href=\"https:\/\/formalites.entreprises.gouv.fr\">https:\/\/formalites.entreprises.gouv.fr<\/a><\/p>\n<p><span style=\"color: #3366ff;\">Comme nous l\u2019avons fait l\u2019ann\u00e9e derni\u00e8re, nous attirons votre attention sur le fait que notre association vit gr\u00e2ce \u00e0 l\u2019ensemble des b\u00e9n\u00e9voles qui l\u2019animent et l\u2019enrichissent. Au regard de la vitalit\u00e9 du Rucher du P\u00e9rigord, les actions et les projets ne manquent pas. N\u2019h\u00e9sitez pas \u00e0 vous manifester si vous avez un peu de temps \u00e0 donner \u00e0 notre association, soit ponctuellement, soit de fa\u00e7on r\u00e9guli\u00e8re.<\/span><\/p>\n<p style=\"text-align: center;\"><strong>Bonne adh\u00e9sion 2026 !<\/strong><\/p>\n","protected":false},"excerpt":{"rendered":"Pour adh\u00e9rer au Rucher du P\u00e9rigord, il suffit de remplir le bulletin d\u2019adh\u00e9sion ci-apr\u00e8s et de le retourner accompagn\u00e9 d\u2019un ch\u00e8que libell\u00e9 \u00e0: \u00ab\u00a0Le Rucher du P\u00e9rigord\u00a0\u00bb, et \u00e0 l\u2019adresse pr\u00e9cis\u00e9e au bas du bulletin. Vous pouvez t\u00e9l\u00e9charger le bulletin d&rsquo;adh\u00e9sion en cliquant sur le lien ci-dessous : Bulletin_Adhesion_2026 Voici quelques informations compl\u00e9mentaires concernant le&hellip; <p class=\"toivo-read-more\"><a href=\"https:\/\/www.lerucherduperigord.fr\/index.php\/adhesion\/\" class=\"more-link\">Lire la suite <span class=\"screen-reader-text\">Adh\u00e9sion<\/span><\/a><\/p>","protected":false},"author":1,"featured_media":0,"parent":0,"menu_order":0,"comment_status":"closed","ping_status":"closed","template":"","meta":[],"_links":{"self":[{"href":"https:\/\/www.lerucherduperigord.fr\/index.php\/wp-json\/wp\/v2\/pages\/939"}],"collection":[{"href":"https:\/\/www.lerucherduperigord.fr\/index.php\/wp-json\/wp\/v2\/pages"}],"about":[{"href":"https:\/\/www.lerucherduperigord.fr\/index.php\/wp-json\/wp\/v2\/types\/page"}],"author":[{"embeddable":true,"href":"https:\/\/www.lerucherduperigord.fr\/index.php\/wp-json\/wp\/v2\/users\/1"}],"replies":[{"embeddable":true,"href":"https:\/\/www.lerucherduperigord.fr\/index.php\/wp-json\/wp\/v2\/comments?post=939"}],"version-history":[{"count":4,"href":"https:\/\/www.lerucherduperigord.fr\/index.php\/wp-json\/wp\/v2\/pages\/939\/revisions"}],"predecessor-version":[{"id":947,"href":"https:\/\/www.lerucherduperigord.fr\/index.php\/wp-json\/wp\/v2\/pages\/939\/revisions\/947"}],"wp:attachment":[{"href":"https:\/\/www.lerucherduperigord.fr\/index.php\/wp-json\/wp\/v2\/media?parent=939"}],"curies":[{"name":"wp","href":"https:\/\/api.w.org\/{rel}","templated":true}]}}