{"id":81,"date":"2017-12-09T18:02:37","date_gmt":"2017-12-09T17:02:37","guid":{"rendered":"http:\/\/leruchersx.cluster023.hosting.ovh.net\/?page_id=81"},"modified":"2024-12-03T22:09:51","modified_gmt":"2024-12-03T21:09:51","slug":"bienvenue","status":"publish","type":"page","link":"https:\/\/www.lerucherduperigord.fr\/","title":{"rendered":"Bienvenue"},"content":{"rendered":"<p><img loading=\"lazy\" class=\"wp-image-821 size-full aligncenter\" src=\"https:\/\/www.lerucherduperigord.fr\/wp-content\/uploads\/2024\/12\/logo_final.png\" alt=\"\" width=\"425\" height=\"425\" srcset=\"https:\/\/www.lerucherduperigord.fr\/wp-content\/uploads\/2024\/12\/logo_final.png 425w, https:\/\/www.lerucherduperigord.fr\/wp-content\/uploads\/2024\/12\/logo_final-300x300.png 300w, https:\/\/www.lerucherduperigord.fr\/wp-content\/uploads\/2024\/12\/logo_final-150x150.png 150w, https:\/\/www.lerucherduperigord.fr\/wp-content\/uploads\/2024\/12\/logo_final-140x140.png 140w\" sizes=\"(max-width: 425px) 100vw, 425px\" \/><\/p>\n<p><span style=\"color: #000000; font-family: Arial;\">Le Rucher du P\u00e9rigord est la premi\u00e8re structure apicole du D\u00e9partement de la Dordogne en dur\u00e9e et en nombre d&rsquo;adh\u00e9rents.<br \/>\nLes objectifs qui ont conduit \u00e0 sa cr\u00e9ation, tout en s&rsquo;adaptant aux \u00e9volutions subies par l&rsquo;apiculture au cours de ces ann\u00e9es sont rest\u00e9s les m\u00eames :<br \/>\n<b>&#8211; vulgarisation et d\u00e9fense de l&rsquo;apiculture,<br \/>\n&#8211; formation des apiculteurs,<br \/>\n&#8211; promotion des produits de la ruche,<br \/>\n&#8211; entraide et services, conseils, aide aux jeunes et aux a\u00een\u00e9s..<\/b>.<br \/>\nUne solidarit\u00e9 initi\u00e9e en 1897 et toujours de mise aujourd&rsquo;hui.<br \/>\n<b>Si vous partagez notre \u00e9thique; rejoignez-nous!!!<\/b><\/span><\/p>\n","protected":false},"excerpt":{"rendered":"Le Rucher du P\u00e9rigord est la premi\u00e8re structure apicole du D\u00e9partement de la Dordogne en dur\u00e9e et en nombre d&rsquo;adh\u00e9rents. Les objectifs qui ont conduit \u00e0 sa cr\u00e9ation, tout en s&rsquo;adaptant aux \u00e9volutions subies par l&rsquo;apiculture au cours de ces ann\u00e9es sont rest\u00e9s les m\u00eames : &#8211; vulgarisation et d\u00e9fense de l&rsquo;apiculture, &#8211; formation des&hellip; <p class=\"toivo-read-more\"><a href=\"https:\/\/www.lerucherduperigord.fr\/\" class=\"more-link\">Lire la suite <span class=\"screen-reader-text\">Bienvenue<\/span><\/a><\/p>","protected":false},"author":1,"featured_media":0,"parent":0,"menu_order":1,"comment_status":"closed","ping_status":"closed","template":"","meta":[],"_links":{"self":[{"href":"https:\/\/www.lerucherduperigord.fr\/index.php\/wp-json\/wp\/v2\/pages\/81"}],"collection":[{"href":"https:\/\/www.lerucherduperigord.fr\/index.php\/wp-json\/wp\/v2\/pages"}],"about":[{"href":"https:\/\/www.lerucherduperigord.fr\/index.php\/wp-json\/wp\/v2\/types\/page"}],"author":[{"embeddable":true,"href":"https:\/\/www.lerucherduperigord.fr\/index.php\/wp-json\/wp\/v2\/users\/1"}],"replies":[{"embeddable":true,"href":"https:\/\/www.lerucherduperigord.fr\/index.php\/wp-json\/wp\/v2\/comments?post=81"}],"version-history":[{"count":10,"href":"https:\/\/www.lerucherduperigord.fr\/index.php\/wp-json\/wp\/v2\/pages\/81\/revisions"}],"predecessor-version":[{"id":832,"href":"https:\/\/www.lerucherduperigord.fr\/index.php\/wp-json\/wp\/v2\/pages\/81\/revisions\/832"}],"wp:attachment":[{"href":"https:\/\/www.lerucherduperigord.fr\/index.php\/wp-json\/wp\/v2\/media?parent=81"}],"curies":[{"name":"wp","href":"https:\/\/api.w.org\/{rel}","templated":true}]}}