{"id":803,"date":"2024-09-16T20:58:39","date_gmt":"2024-09-16T18:58:39","guid":{"rendered":"https:\/\/www.lerucherduperigord.fr\/?page_id=803"},"modified":"2024-09-16T20:58:39","modified_gmt":"2024-09-16T18:58:39","slug":"reglement-interieur","status":"publish","type":"page","link":"https:\/\/www.lerucherduperigord.fr\/index.php\/reglement-interieur\/","title":{"rendered":"R\u00e8glement Int\u00e9rieur"},"content":{"rendered":"<p>Le R\u00e8glement Int\u00e9rieur du Rucher du P\u00e9rigord est disponible en t\u00e9l\u00e9chargement ci-dessous :<\/p>\n<p><a href=\"https:\/\/www.lerucherduperigord.fr\/wp-content\/uploads\/2024\/09\/Reglement_Interieur_Le_Rucher_Du_Perigord.pdf\" target=\"_blank\" rel=\"noopener\">R\u00e8glement Int\u00e9rieur<\/a><\/p>\n","protected":false},"excerpt":{"rendered":"Le R\u00e8glement Int\u00e9rieur du Rucher du P\u00e9rigord est disponible en t\u00e9l\u00e9chargement ci-dessous : R\u00e8glement Int\u00e9rieur","protected":false},"author":1,"featured_media":0,"parent":0,"menu_order":0,"comment_status":"closed","ping_status":"closed","template":"","meta":[],"_links":{"self":[{"href":"https:\/\/www.lerucherduperigord.fr\/index.php\/wp-json\/wp\/v2\/pages\/803"}],"collection":[{"href":"https:\/\/www.lerucherduperigord.fr\/index.php\/wp-json\/wp\/v2\/pages"}],"about":[{"href":"https:\/\/www.lerucherduperigord.fr\/index.php\/wp-json\/wp\/v2\/types\/page"}],"author":[{"embeddable":true,"href":"https:\/\/www.lerucherduperigord.fr\/index.php\/wp-json\/wp\/v2\/users\/1"}],"replies":[{"embeddable":true,"href":"https:\/\/www.lerucherduperigord.fr\/index.php\/wp-json\/wp\/v2\/comments?post=803"}],"version-history":[{"count":3,"href":"https:\/\/www.lerucherduperigord.fr\/index.php\/wp-json\/wp\/v2\/pages\/803\/revisions"}],"predecessor-version":[{"id":807,"href":"https:\/\/www.lerucherduperigord.fr\/index.php\/wp-json\/wp\/v2\/pages\/803\/revisions\/807"}],"wp:attachment":[{"href":"https:\/\/www.lerucherduperigord.fr\/index.php\/wp-json\/wp\/v2\/media?parent=803"}],"curies":[{"name":"wp","href":"https:\/\/api.w.org\/{rel}","templated":true}]}}