{"id":140,"date":"2017-12-10T18:13:05","date_gmt":"2017-12-10T17:13:05","guid":{"rendered":"http:\/\/leruchersx.cluster023.hosting.ovh.net\/?page_id=140"},"modified":"2024-07-02T21:14:40","modified_gmt":"2024-07-02T19:14:40","slug":"bibliotheque","status":"publish","type":"page","link":"https:\/\/www.lerucherduperigord.fr\/index.php\/bibliotheque\/","title":{"rendered":"Biblioth\u00e8que"},"content":{"rendered":"<h3 style=\"text-align: center;\"><span style=\"color: #000000; font-family: Arial;\">La biblioth\u00e8que est accessible \u00e0 chaque adh\u00e9rent.<\/span><\/h3>\n<p><span style=\"color: #000000; font-family: Arial;\">La responsable est Madame Marie-Rose Patriarca T\u00e9l: 06 14 33 47 65.<br \/>\n<\/span><\/p>\n<p>Les ouvrages peuvent \u00eatre emprunt\u00e9s au rucher-\u00e9cole, lors des journ\u00e9es de formation, par l&rsquo;interess\u00e9 lui-m\u00eame ou par un coll\u00e8gue qui les lui remettra, moyennant une caution qui lui sera rendue lors de la restitution des ouvrages emprunt\u00e9s.<\/p>\n<p>L&#8217;emprunteur dispose de 3 mois pour consulter les documents emprunt\u00e9s. Il les rapportera\u00a0 \u00e0 la biblioth\u00e8que un jour d&rsquo;ouverture du d\u00e9p\u00f4t.<\/p>\n<p>La liste des ouvrages disponibles est t\u00e9l\u00e9chargeable ci-dessous :<\/p>\n<p><a href=\"https:\/\/www.lerucherduperigord.fr\/wp-content\/uploads\/2024\/07\/Liste-des-livres-auteur-alphabetique-au-20-juin-2024.pdf\" target=\"_blank\" rel=\"noopener\">Liste des livres &#8211; Tri par auteur<\/a><\/p>\n<p><a href=\"https:\/\/www.lerucherduperigord.fr\/wp-content\/uploads\/2024\/07\/Liste-des-livres-titres-alphabetique-au-20-juin-2024.pdf\" target=\"_blank\" rel=\"noopener\">Liste des livres &#8211; Tri par titre<\/a><\/p>\n","protected":false},"excerpt":{"rendered":"La biblioth\u00e8que est accessible \u00e0 chaque adh\u00e9rent. La responsable est Madame Marie-Rose Patriarca T\u00e9l: 06 14 33 47 65. Les ouvrages peuvent \u00eatre emprunt\u00e9s au rucher-\u00e9cole, lors des journ\u00e9es de formation, par l&rsquo;interess\u00e9 lui-m\u00eame ou par un coll\u00e8gue qui les lui remettra, moyennant une caution qui lui sera rendue lors de la restitution des ouvrages&hellip; <p class=\"toivo-read-more\"><a href=\"https:\/\/www.lerucherduperigord.fr\/index.php\/bibliotheque\/\" class=\"more-link\">Lire la suite <span class=\"screen-reader-text\">Biblioth\u00e8que<\/span><\/a><\/p>","protected":false},"author":1,"featured_media":0,"parent":0,"menu_order":6,"comment_status":"closed","ping_status":"closed","template":"","meta":[],"_links":{"self":[{"href":"https:\/\/www.lerucherduperigord.fr\/index.php\/wp-json\/wp\/v2\/pages\/140"}],"collection":[{"href":"https:\/\/www.lerucherduperigord.fr\/index.php\/wp-json\/wp\/v2\/pages"}],"about":[{"href":"https:\/\/www.lerucherduperigord.fr\/index.php\/wp-json\/wp\/v2\/types\/page"}],"author":[{"embeddable":true,"href":"https:\/\/www.lerucherduperigord.fr\/index.php\/wp-json\/wp\/v2\/users\/1"}],"replies":[{"embeddable":true,"href":"https:\/\/www.lerucherduperigord.fr\/index.php\/wp-json\/wp\/v2\/comments?post=140"}],"version-history":[{"count":7,"href":"https:\/\/www.lerucherduperigord.fr\/index.php\/wp-json\/wp\/v2\/pages\/140\/revisions"}],"predecessor-version":[{"id":801,"href":"https:\/\/www.lerucherduperigord.fr\/index.php\/wp-json\/wp\/v2\/pages\/140\/revisions\/801"}],"wp:attachment":[{"href":"https:\/\/www.lerucherduperigord.fr\/index.php\/wp-json\/wp\/v2\/media?parent=140"}],"curies":[{"name":"wp","href":"https:\/\/api.w.org\/{rel}","templated":true}]}}