{"id":102,"date":"2017-12-10T16:39:40","date_gmt":"2017-12-10T15:39:40","guid":{"rendered":"http:\/\/leruchersx.cluster023.hosting.ovh.net\/?page_id=102"},"modified":"2021-06-12T12:09:21","modified_gmt":"2021-06-12T10:09:21","slug":"historique","status":"publish","type":"page","link":"https:\/\/www.lerucherduperigord.fr\/index.php\/historique\/","title":{"rendered":"Historique"},"content":{"rendered":"<p><span style=\"color: #000000; font-family: Arial;\"><img loading=\"lazy\" class=\"aligncenter wp-image-104 size-full\" src=\"http:\/\/leruchersx.cluster023.hosting.ovh.net\/wp-content\/uploads\/2017\/12\/Historique.png\" alt=\"\" width=\"753\" height=\"471\" srcset=\"https:\/\/www.lerucherduperigord.fr\/wp-content\/uploads\/2017\/12\/Historique.png 753w, https:\/\/www.lerucherduperigord.fr\/wp-content\/uploads\/2017\/12\/Historique-300x188.png 300w\" sizes=\"(max-width: 753px) 100vw, 753px\" \/><\/span><\/p>\n<p style=\"text-align: justify;\"><span style=\"font-family: 'Arial','sans-serif'; color: black;\">Le 29 D\u00e9cembre 1897, la cr\u00e9ation de la premi\u00e8re Soci\u00e9t\u00e9 d&rsquo;Apiculture du d\u00e9partement est enregistr\u00e9e \u00e0 la pr\u00e9fecture de la Dordogne sous l&rsquo;appellation: \u00ab\u00a0Le Rucher du P\u00e9rigord\u00a0\u00bb. Son si\u00e8ge social est situ\u00e9 au: 2 rue du IV Septembre \u00e0 P\u00e9rigueux.<\/span><\/p>\n<p style=\"text-align: justify;\">Son pr\u00e9sident fondateur est Ma\u00eetre Puypeyroux, notaire \u00e0 Montagrier. Chaque ann\u00e9e, depuis sa cr\u00e9ation et ce jusqu&rsquo;au 15 Janvier 1914 (les archives d\u00e9partementales s&rsquo;arr\u00eatent l\u00e0) le Pr\u00e9sident adresse au Ministre de l&rsquo;Agriculture, un compte-rendu\u00a0 des activit\u00e9s de l&rsquo;ann\u00e9e \u00e9coul\u00e9e et le projet des actions \u00e0 mener l&rsquo;ann\u00e9e suivante. Projet pour lequel il sollicite une subvention. Mr le Sous-Pr\u00e9fet de Rib\u00e9rac \u00e9met un avis favorable pour encourager les effets de l&rsquo;association dont l&rsquo;action s&rsquo;\u00e9tend \u00e0 tout le d\u00e9partement.<\/p>\n<p style=\"text-align: justify;\">En 1902 la soci\u00e9t\u00e9 d&rsquo;apiculture est sur le point de faire para\u00eetre un bulletin intitul\u00e9: \u00ab\u00a0l&rsquo;Abeille P\u00e9rigourdine\u00a0\u00bb lorsque la f\u00e9d\u00e9ration des soci\u00e9t\u00e9s fran\u00e7aises d&rsquo;apiculture \u00e9met le voeu de cr\u00e9er un bulletin commun aux diff\u00e9rentes soci\u00e9t\u00e9s, bulletin dans lequel une partie sp\u00e9ciale leur sera r\u00e9serv\u00e9e. Ainsi, il n y aura qu&rsquo;un seul bulletin rendant les plus grands services \u00e0 l&rsquo;apiculture.<\/p>\n<p style=\"text-align: justify;\">Au printemps 1903, le rucher de d\u00e9monstration est implant\u00e9 dans le jardin des Ar\u00e8nes \u00e0 P\u00e9rigueux. Une subvention minist\u00e9rielle permet l&rsquo;installation d&rsquo;une cl\u00f4ture, l&rsquo;achat de 4 ruches et de 3 essaims. Les produits provenant du rucher de d\u00e9monstration seront affect\u00e9s \u00e0 l&rsquo;\u00e9tablissement des vieillards Jay-de-Beaufort et \u00e0 l H\u00f4pital-Hospice de la ville.<\/p>\n<p style=\"text-align: justify;\">En 1937, \u00ab\u00a0La Gazette Apicole\u00a0\u00bb pr\u00e9cise que Le Rucher du P\u00e9rigord compte 142 associ\u00e9s.<\/p>\n<p style=\"text-align: justify;\">Le 04 Ao\u00fbt 1942, la pr\u00e9sidence de la Soci\u00e9t\u00e9 d&rsquo;Apiculture est confi\u00e9e \u00e0 Mr Andr\u00e9 Lalanne.<\/p>\n<p style=\"text-align: justify;\">En 1947, la Soci\u00e9t\u00e9 d&rsquo;Apiculture devient: \u00ab\u00a0Amicale des Apiculteurs du D\u00e9partement\u00a0\u00bb (association loi de 1901)<\/p>\n<p style=\"text-align: justify;\">Le 24 Avril 1957, Le Rucher du P\u00e9rigord devient; Syndicat des Apiculteurs de la Dordogne. Le m\u00eame jour est cr\u00e9\u00e9e la Coop\u00e9rative Apicole D\u00e9partementale qui fonctionnera parall\u00e8lement au Syndicat sous la Pr\u00e9sidence de Mr Andr\u00e9 Lalanne.<\/p>\n<p style=\"text-align: justify;\">Le 23 Mars 1969, Mr Roland Vannier succ\u00e8de \u00e0 Mr Andr\u00e9 Lalanne \u00e0 la Pr\u00e9sidence du Rucher du P\u00e9rigord et de la Coop\u00e9rative Apicole. Au cours de l&rsquo;ann\u00e9e 1969, le Conseil G\u00e9n\u00e9ral de la Dordogne accorde une subvention de 500 Francs au Syndicat. Cette subvention permet l&rsquo;installation du rucher de d\u00e9monstration appel\u00e9 rucher-\u00e9cole au Lyc\u00e9e Agricole de Coulounieix-Chamiers.<\/p>\n<p style=\"text-align: justify;\">En 1978, \u00e9lection de Mr Claude Bobineau \u00e0 la pr\u00e9sidence du Syndicat, de la Coop\u00e9rative Apicole et de l A.S.A.D. (Association Sanitaire Apicole D\u00e9partementale) anc\u00eatre du G.D.S.A. cr\u00e9\u00e9e, quelques ann\u00e9es plus t\u00f4t, par Le Rucher du P\u00e9rigord.<\/p>\n<p style=\"text-align: justify;\">En 1982, ouverture du rucher-\u00e9cole de Nojals et Clottes dont la direction est confi\u00e9e \u00e0 Mr Herv\u00e9 Borie, fid\u00e8le adh\u00e9rent du Rucher du P\u00e9rigord \u00e0 qui Mr Claude Bobineau apporte son soutien et ses encouragements dans la mise en place de ce rucher-\u00e9cole public.<\/p>\n<p style=\"text-align: justify;\">En 1987, Le Rucher du P\u00e9rigord conna\u00eet un \u00ab\u00a0essaimage\u00a0\u00bb. L&rsquo;essaim donne naissance au 2\u00e8me syndicat apicole du D\u00e9partement: \u00ab\u00a0L&rsquo;Abeille P\u00e9rigordine\u00a0\u00bb. Cette m\u00eame ann\u00e9e ont lieu la dissolution de la Coop\u00e9rative des Apiculteurs de la Dordogne et la cr\u00e9ation du Comit\u00e9 d&rsquo;Entraide.<\/p>\n<p style=\"text-align: justify;\">En 1988, Le Rucher du P\u00e9rigord organise \u00e0 P\u00e9rigueux le congr\u00e8s de la F.N.O.S.A.D. (F\u00e9d\u00e9ration Nationale des Organisations Sanitaires Apicoles D\u00e9partementales)<\/p>\n<p style=\"text-align: justify;\">En 1997, le pr\u00e9sident Mr Claude Bobineau organise le centenaire du Rucher du P\u00e9rigord \u00e0 Saint Sulpice de Roumagnac. Elu la m\u00eame ann\u00e9e, son successeur Mr Max Landureau d\u00e9missionnera le 13 D\u00e9cembre 2003 date \u00e0 laquelle Mme Lucette Dufour sera \u00e9lue \u00e0 la pr\u00e9sidence.<\/p>\n<p>Le <span id=\"OBJ_PREFIX_DWT298_com_zimbra_date\" class=\"Object\"><span id=\"OBJ_PREFIX_DWT301_com_zimbra_date\" class=\"Object\"><span id=\"OBJ_PREFIX_DWT307_com_zimbra_date\" class=\"Object\">24 mars 2018<\/span><\/span><\/span>, M. Daniel Dumonteuil succ\u00e8de \u00e0 Mme <span id=\"DWT300\" class=\"ZmSearchResult\"><span id=\"DWT303\" class=\"ZmSearchResult\"><span id=\"DWT309\" class=\"ZmSearchResult\">Lucette<\/span><\/span><\/span> Dufour\u00a0 \u00e0 la pr\u00e9sidence du Syndicat.<\/p>\n<p>Le 08<span id=\"OBJ_PREFIX_DWT298_com_zimbra_date\" class=\"Object\"><span id=\"OBJ_PREFIX_DWT301_com_zimbra_date\" class=\"Object\"><span id=\"OBJ_PREFIX_DWT307_com_zimbra_date\" class=\"Object\"> mai 2021<\/span><\/span><\/span>, M. Jean-Pierre Cluzeau\u00a0 succ\u00e8de \u00e0 M. Daniel Dumonteuil\u00a0 \u00e0 la pr\u00e9sidence du Syndicat.<\/p>\n<p style=\"color: #000000; font-family: Arial;\">\n","protected":false},"excerpt":{"rendered":"Le 29 D\u00e9cembre 1897, la cr\u00e9ation de la premi\u00e8re Soci\u00e9t\u00e9 d&rsquo;Apiculture du d\u00e9partement est enregistr\u00e9e \u00e0 la pr\u00e9fecture de la Dordogne sous l&rsquo;appellation: \u00ab\u00a0Le Rucher du P\u00e9rigord\u00a0\u00bb. Son si\u00e8ge social est situ\u00e9 au: 2 rue du IV Septembre \u00e0 P\u00e9rigueux. Son pr\u00e9sident fondateur est Ma\u00eetre Puypeyroux, notaire \u00e0 Montagrier. Chaque ann\u00e9e, depuis sa cr\u00e9ation et&hellip; <p class=\"toivo-read-more\"><a href=\"https:\/\/www.lerucherduperigord.fr\/index.php\/historique\/\" class=\"more-link\">Lire la suite <span class=\"screen-reader-text\">Historique<\/span><\/a><\/p>","protected":false},"author":1,"featured_media":0,"parent":0,"menu_order":2,"comment_status":"closed","ping_status":"closed","template":"","meta":[],"_links":{"self":[{"href":"https:\/\/www.lerucherduperigord.fr\/index.php\/wp-json\/wp\/v2\/pages\/102"}],"collection":[{"href":"https:\/\/www.lerucherduperigord.fr\/index.php\/wp-json\/wp\/v2\/pages"}],"about":[{"href":"https:\/\/www.lerucherduperigord.fr\/index.php\/wp-json\/wp\/v2\/types\/page"}],"author":[{"embeddable":true,"href":"https:\/\/www.lerucherduperigord.fr\/index.php\/wp-json\/wp\/v2\/users\/1"}],"replies":[{"embeddable":true,"href":"https:\/\/www.lerucherduperigord.fr\/index.php\/wp-json\/wp\/v2\/comments?post=102"}],"version-history":[{"count":9,"href":"https:\/\/www.lerucherduperigord.fr\/index.php\/wp-json\/wp\/v2\/pages\/102\/revisions"}],"predecessor-version":[{"id":622,"href":"https:\/\/www.lerucherduperigord.fr\/index.php\/wp-json\/wp\/v2\/pages\/102\/revisions\/622"}],"wp:attachment":[{"href":"https:\/\/www.lerucherduperigord.fr\/index.php\/wp-json\/wp\/v2\/media?parent=102"}],"curies":[{"name":"wp","href":"https:\/\/api.w.org\/{rel}","templated":true}]}}